{"id":4094,"date":"2025-11-11T23:51:51","date_gmt":"2025-11-11T23:51:51","guid":{"rendered":"https:\/\/vangardenconsultoria.com.br\/politica-de-privacidad\/"},"modified":"2026-03-18T21:11:45","modified_gmt":"2026-03-18T21:11:45","slug":"politica-de-privacidad","status":"publish","type":"page","link":"https:\/\/vangardenconsultoria.com.br\/es\/politica-de-privacidad\/","title":{"rendered":"Pol\u00edtica de privacidad"},"content":{"rendered":"\n<h2 class=\"wp-block-heading\">Pol\u00edtica de privacidad<\/h2>\n\n<h2 class=\"wp-block-heading\">Qui\u00e9nes somos<\/h2>\n\n<p>La direcci\u00f3n de nuestro sitio web es: <a href=\"https:\/\/vangardenconsultoria.com.br\/es\/\" target=\"_blank\" rel=\"noreferrer noopener\">https:\/\/vangardenconsultoria.com.br.<\/a><\/p>\n\n<hr class=\"wp-block-separator has-alpha-channel-opacity\"\/>\n\n<h2 class=\"wp-block-heading\">Comentarios<\/h2>\n\n<p>Cuando los visitantes dejan comentarios en el sitio, recogemos los datos que aparecen en el formulario de comentarios, as\u00ed como la direcci\u00f3n <strong>IP del visitante<\/strong> y la <strong>cadena de agentes de usuario del navegador<\/strong> para ayudar a detectar el spam.<\/p>\n\n<p>Se puede proporcionar al servicio <strong>Gravatar<\/strong> una <em>cadena<\/em> anonimizada creada a partir de tu direcci\u00f3n de correo electr\u00f3nico (tambi\u00e9n llamada <em>hash<\/em>) para verificar que la est\u00e1s utilizando. La pol\u00edtica de privacidad del servicio Gravatar est\u00e1 disponible aqu\u00ed: <a target=\"_blank\" rel=\"noreferrer noopener\" href=\"https:\/\/automattic.com\/privacy\/\">https:\/\/automattic.com\/privacy\/.<\/a> Una vez aprobado tu comentario, tu foto de perfil ser\u00e1 visible p\u00fablicamente en el contexto de tu comentario.  <\/p>\n\n<hr class=\"wp-block-separator has-alpha-channel-opacity\"\/>\n\n<h2 class=\"wp-block-heading\">Medios de comunicaci\u00f3n<\/h2>\n\n<p>Si subes im\u00e1genes al sitio web, debes evitar subir im\u00e1genes con <strong>datos de localizaci\u00f3n<\/strong> incrustados <strong>(GPS EXIF)<\/strong>. Los visitantes del sitio web pueden descargar y extraer cualquier dato de localizaci\u00f3n de las im\u00e1genes del sitio. <\/p>\n\n<hr class=\"wp-block-separator has-alpha-channel-opacity\"\/>\n\n<h2 class=\"wp-block-heading\">Cookies<\/h2>\n\n<p>Si dejas un comentario en nuestro sitio, puedes elegir guardar tu <strong>nombre<\/strong>, <strong>direcci\u00f3n de correo electr\u00f3nico<\/strong> y <strong>sitio web<\/strong> en <em>cookies<\/em>. Esto es para tu comodidad, para que no tengas que volver a rellenar tus datos cuando dejes otro comentario. Estas <em>cookies<\/em> durar\u00e1n un a\u00f1o.  <\/p>\n\n<p>Si visitas nuestra p\u00e1gina de <em>inicio de sesi\u00f3n<\/em>, instalaremos una <em>cookie<\/em> temporal para determinar si tu navegador acepta <em>cookies<\/em>. Esta <em>cookie<\/em> no contiene datos personales y se descarta cuando cierras el navegador. <\/p>\n\n<p>Cuando te <em>conectes<\/em>, tambi\u00e9n configuraremos varias <em>cookies<\/em> para guardar tu informaci\u00f3n de <em>inicio de<\/em> sesi\u00f3n y tus preferencias de visualizaci\u00f3n en pantalla. <em>Las cookies de<\/em> <em>inicio de sesi\u00f3n<\/em> duran dos d\u00edas, y <em>las cookies<\/em> de opciones de pantalla duran un a\u00f1o. Si seleccionas<strong>\u00abRecordarme<\/strong>\u00ab, tu <em>inicio de<\/em> sesi\u00f3n persistir\u00e1 durante quince d\u00edas. Si cierras la sesi\u00f3n de tu cuenta, se eliminar\u00e1n <em>las cookies de<\/em> <em>inicio de sesi\u00f3n<\/em>.   <\/p>\n\n<p>Si editas o publicas un art\u00edculo, se guardar\u00e1 una <em>cookie<\/em> adicional en tu navegador. Esta <em>cookie<\/em> no incluye datos personales y simplemente indica el ID de publicaci\u00f3n del art\u00edculo que acabas de editar. Caduca al cabo de 1 d\u00eda.  <\/p>\n\n<hr class=\"wp-block-separator has-alpha-channel-opacity\"\/>\n\n<h2 class=\"wp-block-heading\">Contenido incrustado de otros sitios web<\/h2>\n\n<p>Los art\u00edculos de este sitio pueden incluir contenido incrustado (por ejemplo, v\u00eddeos, im\u00e1genes, art\u00edculos, etc.). El contenido incrustado de otros <em>sitios web<\/em> se comporta exactamente igual que si el visitante hubiera visitado el otro <em>sitio web<\/em>. <\/p>\n\n<p>Estos <em>sitios web<\/em> pueden recopilar datos sobre ti, utilizar <em>cookies<\/em>, incrustar seguimiento adicional de terceros y controlar tu interacci\u00f3n con ese contenido incrustado, incluido el seguimiento de tu interacci\u00f3n con el contenido incrustado si tienes una cuenta y has iniciado sesi\u00f3n en ese <em>sitio web<\/em>.<\/p>\n\n<hr class=\"wp-block-separator has-alpha-channel-opacity\"\/>\n\n<h2 class=\"wp-block-heading\">Con qui\u00e9n compartimos tus datos<\/h2>\n\n<p>Si solicitas un restablecimiento de contrase\u00f1a, tu <strong>direcci\u00f3n IP<\/strong> se incluir\u00e1 en el correo electr\u00f3nico de restablecimiento.<\/p>\n\n<hr class=\"wp-block-separator has-alpha-channel-opacity\"\/>\n\n<h2 class=\"wp-block-heading\">Cu\u00e1nto tiempo conservamos tus datos<\/h2>\n\n<p>Si dejas un comentario, el comentario y sus metadatos se conservar\u00e1n <strong>indefinidamente<\/strong>. Esto es para que podamos reconocer y aprobar cualquier comentario posterior autom\u00e1ticamente, en lugar de mantenerlos en una cola de moderaci\u00f3n. <\/p>\n\n<p>Para los usuarios que se registran en nuestro <em>sitio web<\/em> (si los hay), tambi\u00e9n almacenamos la informaci\u00f3n personal que proporcionan en su perfil de usuario. Todos los usuarios pueden ver, editar o borrar su informaci\u00f3n personal en cualquier momento (excepto que no pueden cambiar su nombre de usuario). Los administradores <em>del sitio web<\/em> tambi\u00e9n pueden ver y editar esta informaci\u00f3n.  <\/p>\n\n<hr class=\"wp-block-separator has-alpha-channel-opacity\"\/>\n\n<h2 class=\"wp-block-heading\">Qu\u00e9 derechos tienes sobre tus datos<\/h2>\n\n<p>Si tienes una cuenta en este sitio o has dejado comentarios, puedes solicitar que te enviemos un <strong>archivo exportado de<\/strong> los datos personales que tenemos sobre ti, incluidos los datos que nos hayas facilitado. Tambi\u00e9n puedes solicitar que <strong>borremos<\/strong> cualquier dato personal que tengamos sobre ti. Esto no incluye ning\u00fan dato que estemos obligados a conservar por motivos administrativos, legales o de seguridad.  <\/p>\n\n<hr class=\"wp-block-separator has-alpha-channel-opacity\"\/>\n\n<h2 class=\"wp-block-heading\">D\u00f3nde se env\u00edan tus datos<\/h2>\n\n<p>Los comentarios de los visitantes pueden ser comprobados por un servicio automatizado de detecci\u00f3n de spam.<\/p>\n\n<p><\/p>\n","protected":false},"excerpt":{"rendered":"<p>Pol\u00edtica de privacidad Qui\u00e9nes somos La direcci\u00f3n de nuestro sitio web es: https:\/\/vangardenconsultoria.com.br. Comentarios Cuando los visitantes dejan comentarios en el sitio, recogemos los datos que aparecen en el formulario de comentarios, as\u00ed como la direcci\u00f3n IP del visitante y la cadena de agentes de usuario del navegador para ayudar a detectar el spam. Se [&hellip;]<\/p>\n","protected":false},"author":1,"featured_media":0,"parent":0,"menu_order":0,"comment_status":"closed","ping_status":"open","template":"","meta":{"footnotes":""},"class_list":["post-4094","page","type-page","status-publish","hentry"],"_links":{"self":[{"href":"https:\/\/vangardenconsultoria.com.br\/es\/wp-json\/wp\/v2\/pages\/4094","targetHints":{"allow":["GET"]}}],"collection":[{"href":"https:\/\/vangardenconsultoria.com.br\/es\/wp-json\/wp\/v2\/pages"}],"about":[{"href":"https:\/\/vangardenconsultoria.com.br\/es\/wp-json\/wp\/v2\/types\/page"}],"author":[{"embeddable":true,"href":"https:\/\/vangardenconsultoria.com.br\/es\/wp-json\/wp\/v2\/users\/1"}],"replies":[{"embeddable":true,"href":"https:\/\/vangardenconsultoria.com.br\/es\/wp-json\/wp\/v2\/comments?post=4094"}],"version-history":[{"count":1,"href":"https:\/\/vangardenconsultoria.com.br\/es\/wp-json\/wp\/v2\/pages\/4094\/revisions"}],"predecessor-version":[{"id":4107,"href":"https:\/\/vangardenconsultoria.com.br\/es\/wp-json\/wp\/v2\/pages\/4094\/revisions\/4107"}],"wp:attachment":[{"href":"https:\/\/vangardenconsultoria.com.br\/es\/wp-json\/wp\/v2\/media?parent=4094"}],"curies":[{"name":"wp","href":"https:\/\/api.w.org\/{rel}","templated":true}]}}